{"id":2,"date":"2019-06-16T14:41:59","date_gmt":"2019-06-16T14:41:59","guid":{"rendered":"http:\/\/www.stylimages.com\/?page_id=2"},"modified":"2023-08-25T10:48:30","modified_gmt":"2023-08-25T10:48:30","slug":"sample-page","status":"publish","type":"page","link":"https:\/\/www.stylimages.com\/?page_id=2","title":{"rendered":"About myself"},"content":{"rendered":"\n<div class=\"wp-block-image\"><figure class=\"aligncenter is-resized\"><img loading=\"lazy\" decoding=\"async\" src=\"https:\/\/www.stylimages.com\/wp-content\/uploads\/2020\/05\/logo-morgane-01.png\" alt=\"\" class=\"wp-image-81\" width=\"437\" height=\"176\" srcset=\"https:\/\/www.stylimages.com\/wp-content\/uploads\/2020\/05\/logo-morgane-01.png 633w, https:\/\/www.stylimages.com\/wp-content\/uploads\/2020\/05\/logo-morgane-01-300x120.png 300w\" sizes=\"(max-width: 437px) 100vw, 437px\" \/><\/figure><\/div>\n\n\n\n<blockquote class=\"wp-block-quote is-layout-flow wp-block-quote-is-layout-flow\"><p> <\/p><p> Let me introduce myself. I am Morgane, a 19-year-old french woman living in a Parisian region. Paris is a city I particularly appreciate, as you will quickly notice while looking into my work. Most of my photos are taken there.<br> I am passionate about art and fashion. I like architectural and grafic photography, I specially enjoy taking Black &amp; White photos. I already have a very particular style of photography although I plan on exploring fashion photography. I am actually a fashion student in communication at Modart International in Paris.<span style=\"font-size: inherit; font-style: inherit; font-weight: inherit;\"> I love traveling as well.<\/span><\/p><p>Welcome to my page, do not hesitate to let me know your opinions!<\/p><\/blockquote>\n\n\n\n<p style=\"text-align:center\">Welcome to my page. Follow the work I have done since I&rsquo;m 15 !<\/p>\n\n\n\n<figure class=\"wp-block-image\"><img loading=\"lazy\" decoding=\"async\" width=\"1024\" height=\"768\" src=\"https:\/\/www.stylimages.com\/wp-content\/uploads\/2022\/03\/DSCF2811-montage-1024x768.jpg\" alt=\"\" class=\"wp-image-340\" srcset=\"https:\/\/www.stylimages.com\/wp-content\/uploads\/2022\/03\/DSCF2811-montage-1024x768.jpg 1024w, https:\/\/www.stylimages.com\/wp-content\/uploads\/2022\/03\/DSCF2811-montage-300x225.jpg 300w, https:\/\/www.stylimages.com\/wp-content\/uploads\/2022\/03\/DSCF2811-montage-768x576.jpg 768w\" sizes=\"(max-width: 1024px) 100vw, 1024px\" \/><\/figure>\n\n\n\n<p style=\"text-align:center\">Je me pr\u00e9sente, je suis Morgane, une jeune fran\u00e7aise de 19 ans vivant en r\u00e9gion parisienne. Paris est une ville que j&rsquo;affectionne particuli\u00e8rement, comme vous le constaterez rapidement en parcourant mon travail, la plupart de mes photos y sont prises. Je suis passionn\u00e9e d&rsquo;art et de mode. J&rsquo;appr\u00e9cie la photographie architecturale et graphique, j&rsquo;aime particuli\u00e8rement prendre des photos en noir et blanc. J&rsquo;ai d\u00e9j\u00e0 mon propre style de photographie mais j&rsquo;envisage de m&rsquo;initier \u00e0 la photographie de mode. Je suis actuellement en \u00e9cole de mode en communication \u00e0 Modart International \u00e0 Paris. J&rsquo;aime \u00e9galement \u00e9norm\u00e9ment le voyage.<\/p>\n\n\n\n<p style=\"text-align:center\"> Bienvenue sur ma page, n&rsquo;h\u00e9sitez \u00e0 me laisser vos avis !<\/p>\n\n\n\n<p style=\"text-align:center\">Suivez le travail que j&rsquo;ai produit depuis mes 15 ans !<\/p>\n\n\n\n<div class=\"wp-block-button aligncenter\"><a class=\"wp-block-button__link\" href=\"https:\/\/www.stylimages.com\/\">Retour au portfolio<\/a><\/div>\n\n\n\n<figure class=\"wp-block-image\"><img loading=\"lazy\" decoding=\"async\" width=\"1024\" height=\"683\" src=\"https:\/\/www.stylimages.com\/wp-content\/uploads\/2023\/03\/Picsart_23-03-01_19-35-19-603-1024x683.jpg\" alt=\"\" class=\"wp-image-490\" srcset=\"https:\/\/www.stylimages.com\/wp-content\/uploads\/2023\/03\/Picsart_23-03-01_19-35-19-603-1024x683.jpg 1024w, https:\/\/www.stylimages.com\/wp-content\/uploads\/2023\/03\/Picsart_23-03-01_19-35-19-603-300x200.jpg 300w, https:\/\/www.stylimages.com\/wp-content\/uploads\/2023\/03\/Picsart_23-03-01_19-35-19-603-768x512.jpg 768w\" sizes=\"(max-width: 1024px) 100vw, 1024px\" \/><\/figure>\n\n\n\n<p><\/p>\n\n\n","protected":false},"excerpt":{"rendered":"<p>Let me introduce myself. I am Morgane, a 19-year-old french woman living in a Parisian region. Paris is a city I particularly appreciate, as you will quickly notice while looking into my work. Most of my photos are taken there. I am passionate about art &hellip; <a href=\"https:\/\/www.stylimages.com\/?page_id=2\" class=\"more-link\"><span>Continue reading<span class=\"screen-reader-text\">About myself<\/span><\/span><\/a><\/p>\n","protected":false},"author":1,"featured_media":0,"parent":0,"menu_order":0,"comment_status":"closed","ping_status":"open","template":"","meta":{"footnotes":""},"class_list":["post-2","page","type-page","status-publish","hentry"],"_links":{"self":[{"href":"https:\/\/www.stylimages.com\/index.php?rest_route=\/wp\/v2\/pages\/2"}],"collection":[{"href":"https:\/\/www.stylimages.com\/index.php?rest_route=\/wp\/v2\/pages"}],"about":[{"href":"https:\/\/www.stylimages.com\/index.php?rest_route=\/wp\/v2\/types\/page"}],"author":[{"embeddable":true,"href":"https:\/\/www.stylimages.com\/index.php?rest_route=\/wp\/v2\/users\/1"}],"replies":[{"embeddable":true,"href":"https:\/\/www.stylimages.com\/index.php?rest_route=%2Fwp%2Fv2%2Fcomments&post=2"}],"version-history":[{"count":8,"href":"https:\/\/www.stylimages.com\/index.php?rest_route=\/wp\/v2\/pages\/2\/revisions"}],"predecessor-version":[{"id":549,"href":"https:\/\/www.stylimages.com\/index.php?rest_route=\/wp\/v2\/pages\/2\/revisions\/549"}],"wp:attachment":[{"href":"https:\/\/www.stylimages.com\/index.php?rest_route=%2Fwp%2Fv2%2Fmedia&parent=2"}],"curies":[{"name":"wp","href":"https:\/\/api.w.org\/{rel}","templated":true}]}}